{"id":2003,"date":"2021-08-30T11:07:55","date_gmt":"2021-08-30T09:07:55","guid":{"rendered":"https:\/\/argileetpartage.fr\/?post_type=product&#038;p=2003"},"modified":"2022-05-16T08:59:43","modified_gmt":"2022-05-16T06:59:43","slug":"porte-savon-cactus-7","status":"publish","type":"product","link":"https:\/\/argileetpartage.fr\/product\/porte-savon-cactus-7\/","title":{"rendered":"Porte savon Cactus"},"content":{"rendered":"<p>[et_pb_section fb_built=\u00a0\u00bb1&Prime; _builder_version=\u00a0\u00bb4.6.0&Prime; background_image=\u00a0\u00bbhttps:\/\/argileetpartage.fr\/wp-content\/uploads\/2021\/03\/art-gallery-55.jpg\u00a0\u00bb parallax=\u00a0\u00bbon\u00a0\u00bb custom_padding=\u00a0\u00bb0px||||false|false\u00a0\u00bb global_colors_info=\u00a0\u00bb{}\u00a0\u00bb][et_pb_row _builder_version=\u00a0\u00bb3.25&Prime; background_size=\u00a0\u00bbinitial\u00a0\u00bb background_position=\u00a0\u00bbtop_left\u00a0\u00bb background_repeat=\u00a0\u00bbrepeat\u00a0\u00bb width=\u00a0\u00bb100%\u00a0\u00bb custom_padding=\u00a0\u00bb0px||0px||false|false\u00a0\u00bb global_colors_info=\u00a0\u00bb{}\u00a0\u00bb][et_pb_column type=\u00a0\u00bb4_4&Prime; _builder_version=\u00a0\u00bb3.25&Prime; custom_padding=\u00a0\u00bb|||\u00a0\u00bb global_colors_info=\u00a0\u00bb{}\u00a0\u00bb custom_padding__hover=\u00a0\u00bb|||\u00a0\u00bb][et_pb_wc_cart_notice _builder_version=\u00a0\u00bb4.6.0&Prime; body_font=\u00a0\u00bbDosis||||||||\u00a0\u00bb body_font_size=\u00a0\u00bb1.5vw\u00a0\u00bb body_line_height=\u00a0\u00bb1.8em\u00a0\u00bb background_color=\u00a0\u00bb#0a0a0a\u00a0\u00bb custom_button=\u00a0\u00bbon\u00a0\u00bb button_text_color=\u00a0\u00bb#000000&Prime; button_border_radius=\u00a0\u00bb0px\u00a0\u00bb button_font=\u00a0\u00bbDosis|||on|||||\u00a0\u00bb button_use_icon=\u00a0\u00bboff\u00a0\u00bb custom_margin=\u00a0\u00bb|0em|2em|0em|false|false\u00a0\u00bb custom_padding=\u00a0\u00bb|15px|15px|15px|false|false\u00a0\u00bb body_font_size_tablet=\u00a0\u00bb3vw\u00a0\u00bb body_font_size_phone=\u00a0\u00bb4.5vw\u00a0\u00bb body_font_size_last_edited=\u00a0\u00bbon|phone\u00a0\u00bb global_colors_info=\u00a0\u00bb{}\u00a0\u00bb][\/et_pb_wc_cart_notice][\/et_pb_column][\/et_pb_row][et_pb_row column_structure=\u00a0\u00bb1_2,1_2&Prime; _builder_version=\u00a0\u00bb3.25&Prime; background_size=\u00a0\u00bbinitial\u00a0\u00bb background_position=\u00a0\u00bbtop_left\u00a0\u00bb background_repeat=\u00a0\u00bbrepeat\u00a0\u00bb width=\u00a0\u00bb100%\u00a0\u00bb custom_padding=\u00a0\u00bb0px||||false|false\u00a0\u00bb global_colors_info=\u00a0\u00bb{}\u00a0\u00bb][et_pb_column type=\u00a0\u00bb1_2&Prime; _builder_version=\u00a0\u00bb3.25&Prime; custom_padding=\u00a0\u00bb|||\u00a0\u00bb global_colors_info=\u00a0\u00bb{}\u00a0\u00bb custom_padding__hover=\u00a0\u00bb|||\u00a0\u00bb][et_pb_wc_images _builder_version=\u00a0\u00bb4.6.0&Prime; background_enable_color=\u00a0\u00bboff\u00a0\u00bb custom_margin=\u00a0\u00bb||0px||false|false\u00a0\u00bb custom_padding=\u00a0\u00bb0px||0px||true|false\u00a0\u00bb border_width_all=\u00a0\u00bb10px\u00a0\u00bb border_color_all=\u00a0\u00bbrgba(0,0,0,0)\u00a0\u00bb border_color_all_image=\u00a0\u00bb#000000&Prime; global_colors_info=\u00a0\u00bb{}\u00a0\u00bb][\/et_pb_wc_images][\/et_pb_column][et_pb_column type=\u00a0\u00bb1_2&Prime; _builder_version=\u00a0\u00bb3.25&Prime; custom_padding=\u00a0\u00bb|||\u00a0\u00bb global_colors_info=\u00a0\u00bb{}\u00a0\u00bb custom_padding__hover=\u00a0\u00bb|||\u00a0\u00bb][et_pb_wc_title _builder_version=\u00a0\u00bb4.6.0&Prime; header_font=\u00a0\u00bbAlice|||on|on||||\u00a0\u00bb header_text_align=\u00a0\u00bbleft\u00a0\u00bb custom_margin=\u00a0\u00bb4%||||false|false\u00a0\u00bb header_text_align_tablet=\u00a0\u00bbcenter\u00a0\u00bb header_text_align_phone=\u00a0\u00bbcenter\u00a0\u00bb header_text_align_last_edited=\u00a0\u00bbon|desktop\u00a0\u00bb global_colors_info=\u00a0\u00bb{}\u00a0\u00bb][\/et_pb_wc_title][et_pb_wc_description _builder_version=\u00a0\u00bb4.6.0&Prime; text_orientation_tablet=\u00a0\u00bbcenter\u00a0\u00bb text_orientation_phone=\u00a0\u00bbcenter\u00a0\u00bb text_orientation_last_edited=\u00a0\u00bbon|phone\u00a0\u00bb global_colors_info=\u00a0\u00bb{}\u00a0\u00bb][\/et_pb_wc_description][et_pb_wc_price _builder_version=\u00a0\u00bb4.6.0&Prime; body_font=\u00a0\u00bbDosis||||||||\u00a0\u00bb body_text_color=\u00a0\u00bb#000000&Prime; body_font_size=\u00a0\u00bb2vw\u00a0\u00bb text_orientation=\u00a0\u00bbleft\u00a0\u00bb body_font_size_tablet=\u00a0\u00bb4vw\u00a0\u00bb body_font_size_phone=\u00a0\u00bb6vw\u00a0\u00bb body_font_size_last_edited=\u00a0\u00bbon|phone\u00a0\u00bb text_orientation_tablet=\u00a0\u00bbcenter\u00a0\u00bb text_orientation_phone=\u00a0\u00bbcenter\u00a0\u00bb text_orientation_last_edited=\u00a0\u00bbon|desktop\u00a0\u00bb global_colors_info=\u00a0\u00bb{}\u00a0\u00bb][\/et_pb_wc_price][et_pb_wc_add_to_cart _builder_version=\u00a0\u00bb4.6.0&Prime; custom_button=\u00a0\u00bbon\u00a0\u00bb button_text_color=\u00a0\u00bb#000000&Prime; button_bg_color=\u00a0\u00bb#FFFFFF\u00a0\u00bb button_border_width=\u00a0\u00bb2px\u00a0\u00bb button_border_color=\u00a0\u00bb#000000&Prime; button_border_radius=\u00a0\u00bb0px\u00a0\u00bb button_font=\u00a0\u00bbDosis|||on|||||\u00a0\u00bb button_icon=\u00a0\u00bb%%28%%\u00a0\u00bb button_custom_margin=\u00a0\u00bb2%|||-5%|false|false\u00a0\u00bb text_orientation_tablet=\u00a0\u00bbcenter\u00a0\u00bb text_orientation_phone=\u00a0\u00bb\u00a0\u00bb text_orientation_last_edited=\u00a0\u00bbon|desktop\u00a0\u00bb module_alignment_tablet=\u00a0\u00bbcenter\u00a0\u00bb module_alignment_phone=\u00a0\u00bb\u00a0\u00bb module_alignment_last_edited=\u00a0\u00bbon|tablet\u00a0\u00bb box_shadow_style_button=\u00a0\u00bbpreset1&Prime; global_colors_info=\u00a0\u00bb{}\u00a0\u00bb][\/et_pb_wc_add_to_cart][\/et_pb_column][\/et_pb_row][et_pb_row _builder_version=\u00a0\u00bb4.6.0&Prime; background_size=\u00a0\u00bbinitial\u00a0\u00bb background_position=\u00a0\u00bbtop_left\u00a0\u00bb background_repeat=\u00a0\u00bbrepeat\u00a0\u00bb width=\u00a0\u00bb100%\u00a0\u00bb custom_margin=\u00a0\u00bb-0.2%|auto||auto|false|false\u00a0\u00bb global_colors_info=\u00a0\u00bb{}\u00a0\u00bb][et_pb_column type=\u00a0\u00bb4_4&Prime; _builder_version=\u00a0\u00bb3.25&Prime; custom_padding=\u00a0\u00bb|||\u00a0\u00bb global_colors_info=\u00a0\u00bb{}\u00a0\u00bb custom_padding__hover=\u00a0\u00bb|||\u00a0\u00bb][et_pb_wc_tabs _builder_version=\u00a0\u00bb4.6.0&Prime; tab_font_size_tablet=\u00a0\u00bb\u00a0\u00bb tab_font_size_phone=\u00a0\u00bb\u00a0\u00bb tab_font_size_last_edited=\u00a0\u00bbon|desktop\u00a0\u00bb global_colors_info=\u00a0\u00bb{}\u00a0\u00bb]\t\t\t\t\t[\/et_pb_wc_tabs][et_pb_wc_upsells _builder_version=\u00a0\u00bb3.0.47&Prime; global_colors_info=\u00a0\u00bb{}\u00a0\u00bb][\/et_pb_wc_upsells][et_pb_wc_related_products _builder_version=\u00a0\u00bb4.6.0&Prime; title_font=\u00a0\u00bbDosis|||on|||||\u00a0\u00bb title_text_align=\u00a0\u00bbcenter\u00a0\u00bb title_font_size=\u00a0\u00bb2vw\u00a0\u00bb product_title_font=\u00a0\u00bbDosis||||||||\u00a0\u00bb product_title_text_align=\u00a0\u00bbcenter\u00a0\u00bb product_title_font_size=\u00a0\u00bb1.8vw\u00a0\u00bb product_title_line_height=\u00a0\u00bb2em\u00a0\u00bb price_font=\u00a0\u00bbAlice||||||||\u00a0\u00bb price_text_align=\u00a0\u00bbcenter\u00a0\u00bb price_font_size=\u00a0\u00bb1.5vw\u00a0\u00bb price_line_height=\u00a0\u00bb0.5em\u00a0\u00bb custom_margin=\u00a0\u00bb8%||||false|false\u00a0\u00bb title_font_size_tablet=\u00a0\u00bb4vw\u00a0\u00bb title_font_size_phone=\u00a0\u00bb6vw\u00a0\u00bb title_font_size_last_edited=\u00a0\u00bbon|phone\u00a0\u00bb product_title_font_size_tablet=\u00a0\u00bb3.6vw\u00a0\u00bb product_title_font_size_phone=\u00a0\u00bb5.4vw\u00a0\u00bb product_title_font_size_last_edited=\u00a0\u00bbon|phone\u00a0\u00bb price_font_size_tablet=\u00a0\u00bb3vw\u00a0\u00bb price_font_size_phone=\u00a0\u00bb4.5vw\u00a0\u00bb price_font_size_last_edited=\u00a0\u00bbon|phone\u00a0\u00bb border_radii_image=\u00a0\u00bbon|25px|25px|25px|25px\u00a0\u00bb border_width_all_image=\u00a0\u00bb8px\u00a0\u00bb border_color_all_image=\u00a0\u00bb#FFFFFF\u00a0\u00bb box_shadow_style_image=\u00a0\u00bbpreset3&Prime; global_colors_info=\u00a0\u00bb{}\u00a0\u00bb][\/et_pb_wc_related_products][\/et_pb_column][\/et_pb_row][\/et_pb_section]<\/p>\n","protected":false},"excerpt":{"rendered":"<h3>Dimensions :<\/h3>\n<p>env. 13 X 9 cm<\/p>\n<h3>Poids :<\/h3>\n<p>env. 200gr<\/p>\n","protected":false},"featured_media":1950,"comment_status":"open","ping_status":"closed","template":"","meta":{"_et_pb_use_builder":"on","_et_pb_old_content":"Porte savon original et unique pour des moments de fraicheurs.\r\n\r\nPeut joliment agr\u00e9menter votre cuisine ou votre salle de bain, les bras du cactus vous permettrons d'y poser vos bagues en toute s\u00e9curit\u00e9.\r\n\r\nFait en fa\u00efence, cuisson \u00e0 1020\u00b0\r\n\r\n*vendu sans bague et sans savon.\r\n\r\n&nbsp;\r\n\r\n&nbsp;","_et_gb_content_width":""},"product_brand":[],"product_cat":[29],"product_tag":[38,161,55,159,67,153,39,56,129,160,68,157,57,158],"class_list":{"0":"post-2003","1":"product","2":"type-product","3":"status-publish","4":"has-post-thumbnail","6":"product_cat-les-decos","7":"product_tag-article-ceramique","8":"product_tag-cactus-ceramique","9":"product_tag-cadeau-original","10":"product_tag-cuisine","11":"product_tag-decoration-interieur","12":"product_tag-decoration-moderne","13":"product_tag-faience","14":"product_tag-fait-main","15":"product_tag-fete-des-meres","16":"product_tag-hygiene","17":"product_tag-piece-unique","18":"product_tag-porte-savon","19":"product_tag-produit-artisanal","20":"product_tag-salle-de-bain","22":"first","23":"instock","24":"shipping-taxable","25":"purchasable","26":"product-type-simple"},"_links":{"self":[{"href":"https:\/\/argileetpartage.fr\/wp-json\/wp\/v2\/product\/2003","targetHints":{"allow":["GET"]}}],"collection":[{"href":"https:\/\/argileetpartage.fr\/wp-json\/wp\/v2\/product"}],"about":[{"href":"https:\/\/argileetpartage.fr\/wp-json\/wp\/v2\/types\/product"}],"replies":[{"embeddable":true,"href":"https:\/\/argileetpartage.fr\/wp-json\/wp\/v2\/comments?post=2003"}],"wp:featuredmedia":[{"embeddable":true,"href":"https:\/\/argileetpartage.fr\/wp-json\/wp\/v2\/media\/1950"}],"wp:attachment":[{"href":"https:\/\/argileetpartage.fr\/wp-json\/wp\/v2\/media?parent=2003"}],"wp:term":[{"taxonomy":"product_brand","embeddable":true,"href":"https:\/\/argileetpartage.fr\/wp-json\/wp\/v2\/product_brand?post=2003"},{"taxonomy":"product_cat","embeddable":true,"href":"https:\/\/argileetpartage.fr\/wp-json\/wp\/v2\/product_cat?post=2003"},{"taxonomy":"product_tag","embeddable":true,"href":"https:\/\/argileetpartage.fr\/wp-json\/wp\/v2\/product_tag?post=2003"}],"curies":[{"name":"wp","href":"https:\/\/api.w.org\/{rel}","templated":true}]}}